{"id":372,"date":"2025-09-20T10:59:46","date_gmt":"2025-09-20T10:59:46","guid":{"rendered":"https:\/\/magic-moments-acoustic.de\/?page_id=372"},"modified":"2026-04-02T14:55:12","modified_gmt":"2026-04-02T14:55:12","slug":"ueber-uns","status":"publish","type":"page","link":"https:\/\/magic-moments-acoustic.de\/index.php\/ueber-uns\/","title":{"rendered":"\u00dcber Uns"},"content":{"rendered":"<section class=\"bde-section-372-100 bde-section\">\n  \n  \n\t\n\n\n\n<div class=\"section-container\"><div class=\"oxy-text-372-102 oxy-text\">\nWir, die Magic Moments, das sind: Gudrun Steidle (Gudi), Diana Ritter (Diana) und Stefanie Mauz (Steffi). Wir kommen vom sch\u00f6nen beschaulichen Schwenningen auf dem Heuberg und lieben einfach gute Musik. Kl\u00e4nge, die ber\u00fchren, und voll ins Herz treffen\u2026 Coverlieder aus den Bereichen Rock & Pop mit unserer ganz eigenen Note\u2026 dreistimmiger Gesang\u2026 akustische Gitarrenbegleitung\u2026 ohne \u201eSchnickschnack\u201c, einfach pur und echt \u2013 das sind wir.<br><br>Aus \u201esich ab und zu treffen und ein bisschen zusammen proben\u201c wurde \u201elasst uns doch auch mal andere an unserer Musik teilhaben\u201c. Und so kam\u2019s zu ersten Auftritten und \u00f6ffentlichen Veranstaltungen. Das, was wir machen und sp\u00fcren, wenn wir die Gitarren in die Hand nehmen und unsere Stimmen klingen, das wollen wir gerne transportieren. Wenn unser Spa\u00df und unsere Harmonie die Zuh\u00f6rer ber\u00fchren, dann ist es genau das, was wir erreichen wollen. Musik kann so viel mehr und ohne sie ist alles nichts\u2026<br><br>Wir freuen uns, dass ihr auf unserer Website gelandet seid\u2026 schaut und h\u00f6rt einfach mal rein! Und wenn ihr Lust habt- kontaktiert uns gerne!<br><br>eure Magic Moments<br><br><br><br><br><br>#Musik f\u00fcr die Seele<br>#individuelles Geburtstagsst\u00e4ndchen<br>#Hochzeit<br>#Taufe<br>#Benefiz<br>#Picknickkonzert<br>#Adventsimpuls\n<\/div><\/div>\n<\/section><section class=\"bde-section-372-107 bde-section\">\n  \n  \n\t\n\n\n\n<div class=\"section-container\"><div class=\"bde-columns-372-108 bde-columns\"><div class=\"bde-column-372-109 bde-column\">\n  \n  \n\t\n\n\n\n<img decoding=\"async\" class=\"oxy-image-372-104 oxy-image\" src=\"https:\/\/magic-moments-acoustic.de\/wp-content\/uploads\/2026\/03\/IMG_8405-200x300.jpg\" loading=\"lazy\" srcset=\"https:\/\/magic-moments-acoustic.de\/wp-content\/uploads\/2026\/03\/IMG_8405-200x300.jpg 200w, https:\/\/magic-moments-acoustic.de\/wp-content\/uploads\/2026\/03\/IMG_8405-683x1024.jpg 683w, https:\/\/magic-moments-acoustic.de\/wp-content\/uploads\/2026\/03\/IMG_8405-768x1152.jpg 768w, https:\/\/magic-moments-acoustic.de\/wp-content\/uploads\/2026\/03\/IMG_8405-1024x1536.jpg 1024w, https:\/\/magic-moments-acoustic.de\/wp-content\/uploads\/2026\/03\/IMG_8405-1365x2048.jpg 1365w\" sizes=\"(max-width: 200px) 100vw, 200px\">\n<\/div><div class=\"bde-column-372-110 bde-column\">\n  \n  \n\t\n\n\n\n<img decoding=\"async\" class=\"oxy-image-372-105 oxy-image\" src=\"https:\/\/magic-moments-acoustic.de\/wp-content\/uploads\/2026\/03\/IMG_8408-200x300.jpg\" loading=\"lazy\" srcset=\"https:\/\/magic-moments-acoustic.de\/wp-content\/uploads\/2026\/03\/IMG_8408-200x300.jpg 200w, https:\/\/magic-moments-acoustic.de\/wp-content\/uploads\/2026\/03\/IMG_8408-683x1024.jpg 683w, https:\/\/magic-moments-acoustic.de\/wp-content\/uploads\/2026\/03\/IMG_8408-768x1152.jpg 768w, https:\/\/magic-moments-acoustic.de\/wp-content\/uploads\/2026\/03\/IMG_8408-1024x1536.jpg 1024w, https:\/\/magic-moments-acoustic.de\/wp-content\/uploads\/2026\/03\/IMG_8408-1365x2048.jpg 1365w\" sizes=\"(max-width: 200px) 100vw, 200px\">\n<\/div><div class=\"bde-column-372-111 bde-column\">\n  \n  \n\t\n\n\n\n<img decoding=\"async\" class=\"oxy-image-372-106 oxy-image\" src=\"https:\/\/magic-moments-acoustic.de\/wp-content\/uploads\/2026\/03\/IMG_8414-200x300.jpg\" loading=\"lazy\" srcset=\"https:\/\/magic-moments-acoustic.de\/wp-content\/uploads\/2026\/03\/IMG_8414-200x300.jpg 200w, https:\/\/magic-moments-acoustic.de\/wp-content\/uploads\/2026\/03\/IMG_8414-683x1024.jpg 683w, https:\/\/magic-moments-acoustic.de\/wp-content\/uploads\/2026\/03\/IMG_8414-768x1152.jpg 768w, https:\/\/magic-moments-acoustic.de\/wp-content\/uploads\/2026\/03\/IMG_8414-1024x1536.jpg 1024w, https:\/\/magic-moments-acoustic.de\/wp-content\/uploads\/2026\/03\/IMG_8414-1365x2048.jpg 1365w\" sizes=\"(max-width: 200px) 100vw, 200px\">\n<\/div><\/div><\/div>\n<\/section>","protected":false},"excerpt":{"rendered":"<p>Wir, die Magic Moments, das sind: Gudrun Steidle (Gudi), Diana Ritter (Diana) und Stefanie Mauz (Steffi). Wir kommen vom sch\u00f6nen beschaulichen Schwenningen auf dem Heuberg und lieben einfach gute Musik. [&hellip;]<\/p>\n","protected":false},"author":1,"featured_media":0,"parent":0,"menu_order":0,"comment_status":"closed","ping_status":"closed","template":"","meta":{"_oxygen_hide_in_design_set":false,"_oxygen_tags":"","footnotes":""},"class_list":["post-372","page","type-page","status-publish","hentry"],"_links":{"self":[{"href":"https:\/\/magic-moments-acoustic.de\/index.php\/wp-json\/wp\/v2\/pages\/372","targetHints":{"allow":["GET"]}}],"collection":[{"href":"https:\/\/magic-moments-acoustic.de\/index.php\/wp-json\/wp\/v2\/pages"}],"about":[{"href":"https:\/\/magic-moments-acoustic.de\/index.php\/wp-json\/wp\/v2\/types\/page"}],"author":[{"embeddable":true,"href":"https:\/\/magic-moments-acoustic.de\/index.php\/wp-json\/wp\/v2\/users\/1"}],"replies":[{"embeddable":true,"href":"https:\/\/magic-moments-acoustic.de\/index.php\/wp-json\/wp\/v2\/comments?post=372"}],"version-history":[{"count":10,"href":"https:\/\/magic-moments-acoustic.de\/index.php\/wp-json\/wp\/v2\/pages\/372\/revisions"}],"predecessor-version":[{"id":576,"href":"https:\/\/magic-moments-acoustic.de\/index.php\/wp-json\/wp\/v2\/pages\/372\/revisions\/576"}],"wp:attachment":[{"href":"https:\/\/magic-moments-acoustic.de\/index.php\/wp-json\/wp\/v2\/media?parent=372"}],"curies":[{"name":"wp","href":"https:\/\/api.w.org\/{rel}","templated":true}]}}